{"id":12,"date":"2024-12-01T07:42:03","date_gmt":"2024-12-01T07:42:03","guid":{"rendered":"https:\/\/studioyn.dba.ma\/?page_id=12"},"modified":"2025-03-07T23:33:44","modified_gmt":"2025-03-07T23:33:44","slug":"a-propos-agence-architecte-maroc-casablanca","status":"publish","type":"page","link":"https:\/\/studioyn.com\/en\/a-propos-agence-architecte-maroc-casablanca\/","title":{"rendered":"About"},"content":{"rendered":"<div data-elementor-type=\"wp-page\" data-elementor-id=\"12\" class=\"elementor elementor-12\" data-elementor-post-type=\"page\">\n\t\t\t\t<div class=\"elementor-element elementor-element-a307fc1 e-flex e-con-boxed e-con e-parent\" data-id=\"a307fc1\" data-element_type=\"container\" data-e-type=\"container\" data-settings=\"{&quot;jet_parallax_layout_list&quot;:[]}\">\n\t\t\t\t\t<div class=\"e-con-inner\">\n\t\t<div class=\"elementor-element elementor-element-25af7df e-con-full e-flex e-con e-child\" data-id=\"25af7df\" data-element_type=\"container\" data-e-type=\"container\" data-settings=\"{&quot;jet_parallax_layout_list&quot;:[]}\">\n\t\t\t\t<div class=\"elementor-element elementor-element-1eb605e elementor-widget elementor-widget-spacer\" data-id=\"1eb605e\" data-element_type=\"widget\" data-e-type=\"widget\" data-widget_type=\"spacer.default\">\n\t\t\t\t<div class=\"elementor-widget-container\">\n\t\t\t\t\t\t\t<div class=\"elementor-spacer\">\n\t\t\t<div class=\"elementor-spacer-inner\"><\/div>\n\t\t<\/div>\n\t\t\t\t\t\t<\/div>\n\t\t\t\t<\/div>\n\t\t\t\t<div class=\"elementor-element elementor-element-4a4961f elementor-widget elementor-widget-jet-breadcrumbs\" data-id=\"4a4961f\" data-element_type=\"widget\" data-e-type=\"widget\" data-widget_type=\"jet-breadcrumbs.default\">\n\t\t\t\t<div class=\"elementor-widget-container\">\n\t\t\t\t\t<div class=\"elementor-jet-breadcrumbs jet-blocks\">\n\t\t<div class=\"jet-breadcrumbs\">\n\t\t<div class=\"jet-breadcrumbs__content\">\n\t\t<div class=\"jet-breadcrumbs__wrap\"><div class=\"jet-breadcrumbs__item\"><a href=\"https:\/\/studioyn.com\/en\/\" class=\"jet-breadcrumbs__item-link is-home\" rel=\"home\" title=\"Home\">Home<\/a><\/div>\n\t\t<\/div>\n\t\t<\/div>\n\t\t<\/div><\/div>\t\t\t\t<\/div>\n\t\t\t\t<\/div>\n\t\t\t\t<div class=\"elementor-element elementor-element-a2294e3 elementor-widget elementor-widget-heading\" data-id=\"a2294e3\" data-element_type=\"widget\" data-e-type=\"widget\" data-widget_type=\"heading.default\">\n\t\t\t\t<div class=\"elementor-widget-container\">\n\t\t\t\t\t<h2 class=\"elementor-heading-title elementor-size-default\">THE AGENCY<\/h2>\t\t\t\t<\/div>\n\t\t\t\t<\/div>\n\t\t\t\t<div class=\"elementor-element elementor-element-d411f1f elementor-widget elementor-widget-text-editor\" data-id=\"d411f1f\" data-element_type=\"widget\" data-e-type=\"widget\" data-widget_type=\"text-editor.default\">\n\t\t\t\t<div class=\"elementor-widget-container\">\n\t\t\t\t\t\t\t\t\t<p class=\" translation-block\">Studio YN, an architecture firm based in Casablanca, founded by Yasmine El Kasri and Nihad Berberovi\u0107, brings together a multidisciplinary team of professionals supported by a network of skilled partners.\nSensitive to the environmental and societal challenges of contemporary Morocco, Studio YN is committed to supporting the country's development by combining architectural innovation with respect for the local context.\nThe agency expresses its expertise through an architectural vision marked by simplicity, efficiency, and relevance, meeting users' needs while presenting a creative and poetic approach.\nThus, Studio YN designs timeless spaces in harmony with their environment, enhancing the interaction between architecture and its inhabitants.\nThis vision is reflected in the diversity of its work, ranging from residential complexes to office buildings, as well as holistic and public-interest projects.\nEach project is a testament to the studio's ability to meet diverse needs while maintaining a coherent and functional approach.<\/p>\t\t\t\t\t\t\t\t<\/div>\n\t\t\t\t<\/div>\n\t\t\t\t<\/div>\n\t\t\t\t\t<\/div>\n\t\t\t\t<\/div>\n\t\t<div class=\"elementor-element elementor-element-5bb81e9 e-con-full e-flex e-con e-parent\" data-id=\"5bb81e9\" data-element_type=\"container\" data-e-type=\"container\" data-settings=\"{&quot;jet_parallax_layout_list&quot;:[]}\">\n\t\t\t\t<div class=\"elementor-element elementor-element-6616840 elementor-widget elementor-widget-image-carousel\" data-id=\"6616840\" data-element_type=\"widget\" data-e-type=\"widget\" data-settings=\"{&quot;slides_to_show&quot;:&quot;3&quot;,&quot;slides_to_scroll&quot;:&quot;1&quot;,&quot;navigation&quot;:&quot;none&quot;,&quot;lazyload&quot;:&quot;yes&quot;,&quot;autoplay_speed&quot;:2000,&quot;image_spacing_custom&quot;:{&quot;unit&quot;:&quot;px&quot;,&quot;size&quot;:0,&quot;sizes&quot;:[]},&quot;autoplay&quot;:&quot;yes&quot;,&quot;pause_on_interaction&quot;:&quot;yes&quot;,&quot;infinite&quot;:&quot;yes&quot;,&quot;speed&quot;:500,&quot;image_spacing_custom_tablet&quot;:{&quot;unit&quot;:&quot;px&quot;,&quot;size&quot;:&quot;&quot;,&quot;sizes&quot;:[]},&quot;image_spacing_custom_mobile&quot;:{&quot;unit&quot;:&quot;px&quot;,&quot;size&quot;:&quot;&quot;,&quot;sizes&quot;:[]}}\" data-widget_type=\"image-carousel.default\">\n\t\t\t\t<div class=\"elementor-widget-container\">\n\t\t\t\t\t\t\t<div class=\"elementor-image-carousel-wrapper swiper\" role=\"region\" aria-roledescription=\"carousel\" aria-label=\"Image Carousel\" dir=\"ltr\">\n\t\t\t<div class=\"elementor-image-carousel swiper-wrapper swiper-image-stretch\" aria-live=\"off\">\n\t\t\t\t\t\t\t\t<div class=\"swiper-slide\" role=\"group\" aria-roledescription=\"slide\" aria-label=\"1 of 3\" data-no-translation-aria-label=\"\"><figure class=\"swiper-slide-inner\"><img class=\"swiper-slide-image swiper-lazy\" data-src=\"https:\/\/studioyn.com\/wp-content\/uploads\/2024\/12\/studio-yn-interieur-3.jpg\" alt=\"studio-yn-interieur-3\" \/><div class=\"swiper-lazy-preloader\"><\/div><\/figure><\/div><div class=\"swiper-slide\" role=\"group\" aria-roledescription=\"slide\" aria-label=\"2 of 3\" data-no-translation-aria-label=\"\"><figure class=\"swiper-slide-inner\"><img class=\"swiper-slide-image swiper-lazy\" data-src=\"https:\/\/studioyn.com\/wp-content\/uploads\/2024\/12\/studio-yn-interieur-2.jpg\" alt=\"studio-yn-interieur-2\" \/><div class=\"swiper-lazy-preloader\"><\/div><\/figure><\/div><div class=\"swiper-slide\" role=\"group\" aria-roledescription=\"slide\" aria-label=\"3 of 3\" data-no-translation-aria-label=\"\"><figure class=\"swiper-slide-inner\"><img class=\"swiper-slide-image swiper-lazy\" data-src=\"https:\/\/studioyn.com\/wp-content\/uploads\/2024\/12\/studio-yn-interieur-1.jpg\" alt=\"studio-yn-interieur-1\" \/><div class=\"swiper-lazy-preloader\"><\/div><\/figure><\/div>\t\t\t<\/div>\n\t\t\t\t\t\t\t\n\t\t\t\t\t\t\t\t\t<\/div>\n\t\t\t\t\t\t<\/div>\n\t\t\t\t<\/div>\n\t\t\t\t<\/div>\n\t\t<div class=\"elementor-element elementor-element-bb22fe7 e-flex e-con-boxed e-con e-parent\" data-id=\"bb22fe7\" data-element_type=\"container\" data-e-type=\"container\" data-settings=\"{&quot;jet_parallax_layout_list&quot;:[]}\">\n\t\t\t\t\t<div class=\"e-con-inner\">\n\t\t\t\t<div class=\"elementor-element elementor-element-e95e854 elementor-widget elementor-widget-spacer\" data-id=\"e95e854\" data-element_type=\"widget\" data-e-type=\"widget\" data-widget_type=\"spacer.default\">\n\t\t\t\t<div class=\"elementor-widget-container\">\n\t\t\t\t\t\t\t<div class=\"elementor-spacer\">\n\t\t\t<div class=\"elementor-spacer-inner\"><\/div>\n\t\t<\/div>\n\t\t\t\t\t\t<\/div>\n\t\t\t\t<\/div>\n\t\t<div class=\"elementor-element elementor-element-a2bc416 e-con-full e-flex e-con e-child\" data-id=\"a2bc416\" data-element_type=\"container\" data-e-type=\"container\" data-settings=\"{&quot;jet_parallax_layout_list&quot;:[]}\">\n\t\t\t\t<div class=\"elementor-element elementor-element-cf2d160 elementor-widget elementor-widget-text-editor\" data-id=\"cf2d160\" data-element_type=\"widget\" data-e-type=\"widget\" data-widget_type=\"text-editor.default\">\n\t\t\t\t<div class=\"elementor-widget-container translation-block\">A graduate of ESA Paris in 2003, <strong>Yasmine El Kasri<\/strong> was immersed in a rich education that included workshops and visiting critiques led by renowned architects. Upon returning to Morocco, she joined the Urban Agency of Casablanca, seeking to reconnect with the city and absorb its operational and regulatory systems before founding her own firm in 2005. Yasmine is also a founding member of the association AnA \u2013 Anonymous Architects, which aims to promote architectural culture.\n<br>Born in Sarajevo and raised in Bosnia, <strong>Nihad Berberovi\u0107<\/strong> moved to Morocco after experiences in Croatia and Germany. He graduated in 2004 from the National School of Architecture in Rabat. His multicultural background and unconventional approach bring depth and relevance to architectural discourse and the shaping of urban identity. He worked as a partner architect at Lahlou &amp; Berberovic Architects between 2007 and 2014. In 2015, he co-founded <strong>Studio YN<\/strong> with Yasmine El Kasri.<\/div>\n\t\t\t\t<\/div>\n\t\t\t\t<\/div>\n\t\t\t\t<div class=\"elementor-element elementor-element-b335869 elementor-widget elementor-widget-spacer\" data-id=\"b335869\" data-element_type=\"widget\" data-e-type=\"widget\" data-widget_type=\"spacer.default\">\n\t\t\t\t<div class=\"elementor-widget-container\">\n\t\t\t\t\t\t\t<div class=\"elementor-spacer\">\n\t\t\t<div class=\"elementor-spacer-inner\"><\/div>\n\t\t<\/div>\n\t\t\t\t\t\t<\/div>\n\t\t\t\t<\/div>\n\t\t\t\t<div class=\"elementor-element elementor-element-18009fc elementor-widget elementor-widget-jet-banner\" data-id=\"18009fc\" data-element_type=\"widget\" data-e-type=\"widget\" data-widget_type=\"jet-banner.default\">\n\t\t\t\t<div class=\"elementor-widget-container\">\n\t\t\t\t\t<div class=\"elementor-jet-banner jet-elements\"><figure class=\"jet-banner jet-effect-none\"><div class=\"jet-banner__overlay\"><\/div><img decoding=\"async\" src=\"https:\/\/studioyn.com\/wp-content\/uploads\/2024\/12\/bureau_archetect.jpg\" alt=\"bureau_archetect\" width=\"100%\" height=\"100%\" class=\"jet-banner__img\"><figcaption class=\"jet-banner__content\"><div class=\"jet-banner__content-wrap\"><\/div><\/figcaption><\/figure>\n<\/div>\t\t\t\t<\/div>\n\t\t\t\t<\/div>\n\t\t\t\t\t<\/div>\n\t\t\t\t<\/div>\n\t\t<div class=\"elementor-element elementor-element-d6c7f71 e-flex e-con-boxed e-con e-parent\" data-id=\"d6c7f71\" data-element_type=\"container\" data-e-type=\"container\" data-settings=\"{&quot;jet_parallax_layout_list&quot;:[]}\">\n\t\t\t\t\t<div class=\"e-con-inner\">\n\t\t\t\t<div class=\"elementor-element elementor-element-814597c elementor-widget elementor-widget-spacer\" data-id=\"814597c\" data-element_type=\"widget\" data-e-type=\"widget\" data-widget_type=\"spacer.default\">\n\t\t\t\t<div class=\"elementor-widget-container\">\n\t\t\t\t\t\t\t<div class=\"elementor-spacer\">\n\t\t\t<div class=\"elementor-spacer-inner\"><\/div>\n\t\t<\/div>\n\t\t\t\t\t\t<\/div>\n\t\t\t\t<\/div>\n\t\t<div class=\"elementor-element elementor-element-f6e47c1 e-con-full e-flex e-con e-child\" data-id=\"f6e47c1\" data-element_type=\"container\" data-e-type=\"container\" data-settings=\"{&quot;jet_parallax_layout_list&quot;:[]}\">\n\t\t\t\t<div class=\"elementor-element elementor-element-593ed35 elementor-widget elementor-widget-jet-banner\" data-id=\"593ed35\" data-element_type=\"widget\" data-e-type=\"widget\" data-widget_type=\"jet-banner.default\">\n\t\t\t\t<div class=\"elementor-widget-container\">\n\t\t\t\t\t<div class=\"elementor-jet-banner jet-elements\"><figure class=\"jet-banner jet-effect-none\"><div class=\"jet-banner__overlay\"><\/div><img decoding=\"async\" src=\"https:\/\/studioyn.com\/wp-content\/uploads\/2024\/12\/bureau_archetect2.jpg\" alt=\"bureau_archetect2\" width=\"100%\" height=\"100%\" class=\"jet-banner__img\"><figcaption class=\"jet-banner__content\"><div class=\"jet-banner__content-wrap\"><\/div><\/figcaption><\/figure>\n<\/div>\t\t\t\t<\/div>\n\t\t\t\t<\/div>\n\t\t<div class=\"elementor-element elementor-element-a0a1086 e-con-full e-flex e-con e-child\" data-id=\"a0a1086\" data-element_type=\"container\" data-e-type=\"container\" data-settings=\"{&quot;jet_parallax_layout_list&quot;:[]}\">\n\t\t\t\t<div class=\"elementor-element elementor-element-69297f0 elementor-widget elementor-widget-text-editor\" data-id=\"69297f0\" data-element_type=\"widget\" data-e-type=\"widget\" data-widget_type=\"text-editor.default\">\n\t\t\t\t<div class=\"elementor-widget-container\">\n\t\t\t\t\t\t\t\t\t<p>Combining experience, expertise, and boldness, the agency fosters a dynamic spirit of innovation within its team<\/p>\t\t\t\t\t\t\t\t<\/div>\n\t\t\t\t<\/div>\n\t\t\t\t<\/div>\n\t\t\t\t<\/div>\n\t\t\t\t\t<\/div>\n\t\t\t\t<\/div>\n\t\t<div class=\"elementor-element elementor-element-e105843 e-flex e-con-boxed e-con e-parent\" data-id=\"e105843\" data-element_type=\"container\" data-e-type=\"container\" data-settings=\"{&quot;background_background&quot;:&quot;classic&quot;,&quot;jet_parallax_layout_list&quot;:[]}\">\n\t\t\t\t\t<div class=\"e-con-inner\">\n\t\t<div class=\"elementor-element elementor-element-2a4a4cb e-con-full e-flex e-con e-child\" data-id=\"2a4a4cb\" data-element_type=\"container\" data-e-type=\"container\" data-settings=\"{&quot;jet_parallax_layout_list&quot;:[]}\">\n\t\t\t\t<div class=\"elementor-element elementor-element-ddfc1a2 elementor-widget elementor-widget-heading\" data-id=\"ddfc1a2\" data-element_type=\"widget\" data-e-type=\"widget\" data-widget_type=\"heading.default\">\n\t\t\t\t<div class=\"elementor-widget-container\">\n\t\t\t\t\t<h2 class=\"elementor-heading-title elementor-size-default\">Evolution of the agency<\/h2>\t\t\t\t<\/div>\n\t\t\t\t<\/div>\n\t\t\t\t<div class=\"elementor-element elementor-element-8ff6766 elementor-widget elementor-widget-spacer\" data-id=\"8ff6766\" data-element_type=\"widget\" data-e-type=\"widget\" data-widget_type=\"spacer.default\">\n\t\t\t\t<div class=\"elementor-widget-container\">\n\t\t\t\t\t\t\t<div class=\"elementor-spacer\">\n\t\t\t<div class=\"elementor-spacer-inner\"><\/div>\n\t\t<\/div>\n\t\t\t\t\t\t<\/div>\n\t\t\t\t<\/div>\n\t\t\t\t<div class=\"elementor-element elementor-element-7adbc80 elementor-widget elementor-widget-jet-banner\" data-id=\"7adbc80\" data-element_type=\"widget\" data-e-type=\"widget\" data-widget_type=\"jet-banner.default\">\n\t\t\t\t<div class=\"elementor-widget-container\">\n\t\t\t\t\t<div class=\"elementor-jet-banner jet-elements\"><figure class=\"jet-banner jet-effect-none\"><div class=\"jet-banner__overlay\"><\/div><img decoding=\"async\" src=\"https:\/\/studioyn.com\/wp-content\/uploads\/2024\/12\/Timeline.png\" alt=\"Timeline\" width=\"100%\" height=\"100%\" class=\"jet-banner__img\"><figcaption class=\"jet-banner__content\"><div class=\"jet-banner__content-wrap\"><\/div><\/figcaption><\/figure>\n<\/div>\t\t\t\t<\/div>\n\t\t\t\t<\/div>\n\t\t\t\t<\/div>\n\t\t\t\t\t<\/div>\n\t\t\t\t<\/div>\n\t\t\t\t<\/div>","protected":false},"excerpt":{"rendered":"<p>Accueil L\u2019agence Studio YN, agence d&rsquo;architecture \u00e0 Casablanca, fond\u00e9e par Yasmine El Kasri et Nihad Berberovi\u0107, r\u00e9unit une \u00e9quipe pluridisciplinaire de professionnels soutenue par un r\u00e9seau de partenaires comp\u00e9tents. Sensible aux enjeux environnementaux et soci\u00e9taux du Maroc contemporain, Studio YN s\u2019engage \u00e0 accompagner l\u2019\u00e9volution du pays en alliant innovation architecturale et respect du contexte local. [&hellip;]<\/p>\n","protected":false},"author":1,"featured_media":0,"parent":0,"menu_order":0,"comment_status":"closed","ping_status":"closed","template":"","meta":{"footnotes":""},"class_list":["post-12","page","type-page","status-publish","hentry"],"_links":{"self":[{"href":"https:\/\/studioyn.com\/en\/wp-json\/wp\/v2\/pages\/12","targetHints":{"allow":["GET"]}}],"collection":[{"href":"https:\/\/studioyn.com\/en\/wp-json\/wp\/v2\/pages"}],"about":[{"href":"https:\/\/studioyn.com\/en\/wp-json\/wp\/v2\/types\/page"}],"author":[{"embeddable":true,"href":"https:\/\/studioyn.com\/en\/wp-json\/wp\/v2\/users\/1"}],"replies":[{"embeddable":true,"href":"https:\/\/studioyn.com\/en\/wp-json\/wp\/v2\/comments?post=12"}],"version-history":[{"count":178,"href":"https:\/\/studioyn.com\/en\/wp-json\/wp\/v2\/pages\/12\/revisions"}],"predecessor-version":[{"id":2550,"href":"https:\/\/studioyn.com\/en\/wp-json\/wp\/v2\/pages\/12\/revisions\/2550"}],"wp:attachment":[{"href":"https:\/\/studioyn.com\/en\/wp-json\/wp\/v2\/media?parent=12"}],"curies":[{"name":"wp","href":"https:\/\/api.w.org\/{rel}","templated":true}]}}