{"id":12,"date":"2024-12-01T07:42:03","date_gmt":"2024-12-01T07:42:03","guid":{"rendered":"https:\/\/studioyn.dba.ma\/?page_id=12"},"modified":"2025-03-07T23:33:44","modified_gmt":"2025-03-07T23:33:44","slug":"a-propos-agence-architecte-maroc-casablanca","status":"publish","type":"page","link":"https:\/\/studioyn.com\/fr\/a-propos-agence-architecte-maroc-casablanca\/","title":{"rendered":"A propos"},"content":{"rendered":"\t\t<div data-elementor-type=\"wp-page\" data-elementor-id=\"12\" class=\"elementor elementor-12\" data-elementor-post-type=\"page\">\n\t\t\t\t<div class=\"elementor-element elementor-element-a307fc1 e-flex e-con-boxed e-con e-parent\" data-id=\"a307fc1\" data-element_type=\"container\" data-e-type=\"container\" data-settings=\"{&quot;jet_parallax_layout_list&quot;:[]}\">\n\t\t\t\t\t<div class=\"e-con-inner\">\n\t\t<div class=\"elementor-element elementor-element-25af7df e-con-full e-flex e-con e-child\" data-id=\"25af7df\" data-element_type=\"container\" data-e-type=\"container\" data-settings=\"{&quot;jet_parallax_layout_list&quot;:[]}\">\n\t\t\t\t<div class=\"elementor-element elementor-element-1eb605e elementor-widget elementor-widget-spacer\" data-id=\"1eb605e\" data-element_type=\"widget\" data-e-type=\"widget\" data-widget_type=\"spacer.default\">\n\t\t\t\t<div class=\"elementor-widget-container\">\n\t\t\t\t\t\t\t<div class=\"elementor-spacer\">\n\t\t\t<div class=\"elementor-spacer-inner\"><\/div>\n\t\t<\/div>\n\t\t\t\t\t\t<\/div>\n\t\t\t\t<\/div>\n\t\t\t\t<div class=\"elementor-element elementor-element-4a4961f elementor-widget elementor-widget-jet-breadcrumbs\" data-id=\"4a4961f\" data-element_type=\"widget\" data-e-type=\"widget\" data-widget_type=\"jet-breadcrumbs.default\">\n\t\t\t\t<div class=\"elementor-widget-container\">\n\t\t\t\t\t<div class=\"elementor-jet-breadcrumbs jet-blocks\">\n\t\t<div class=\"jet-breadcrumbs\">\n\t\t<div class=\"jet-breadcrumbs__content\">\n\t\t<div class=\"jet-breadcrumbs__wrap\"><div class=\"jet-breadcrumbs__item\"><a href=\"https:\/\/studioyn.com\/fr\/\" class=\"jet-breadcrumbs__item-link is-home\" rel=\"home\" title=\"Accueil\">Accueil<\/a><\/div>\n\t\t<\/div>\n\t\t<\/div>\n\t\t<\/div><\/div>\t\t\t\t<\/div>\n\t\t\t\t<\/div>\n\t\t\t\t<div class=\"elementor-element elementor-element-a2294e3 elementor-widget elementor-widget-heading\" data-id=\"a2294e3\" data-element_type=\"widget\" data-e-type=\"widget\" data-widget_type=\"heading.default\">\n\t\t\t\t<div class=\"elementor-widget-container\">\n\t\t\t\t\t<h2 class=\"elementor-heading-title elementor-size-default\">L\u2019agence<\/h2>\t\t\t\t<\/div>\n\t\t\t\t<\/div>\n\t\t\t\t<div class=\"elementor-element elementor-element-d411f1f elementor-widget elementor-widget-text-editor\" data-id=\"d411f1f\" data-element_type=\"widget\" data-e-type=\"widget\" data-widget_type=\"text-editor.default\">\n\t\t\t\t<div class=\"elementor-widget-container\">\n\t\t\t\t\t\t\t\t\t<p>Studio YN, agence d&rsquo;architecture \u00e0 Casablanca, fond\u00e9e par Yasmine El Kasri et Nihad Berberovi\u0107, r\u00e9unit une \u00e9quipe pluridisciplinaire de professionnels soutenue par un r\u00e9seau de partenaires comp\u00e9tents. <br \/>Sensible aux enjeux environnementaux et soci\u00e9taux du Maroc contemporain, Studio YN s\u2019engage \u00e0 accompagner l\u2019\u00e9volution du pays en alliant innovation architecturale et respect du contexte local. <br \/>L\u2019agence met son expertise au service d\u2019une architecture caract\u00e9ris\u00e9e par sa sobri\u00e9t\u00e9, son efficacit\u00e9 et sa pertinence, r\u00e9pondant aux besoins des usagers tout en pr\u00e9servant une vision cr\u00e9ative et po\u00e9tique. <br \/>Ainsi, Studio YN con\u00e7oit des espaces intemporels, en harmonie avec leur environnement, qui magnifient l\u2019interaction entre l\u2019architecture et ceux qui la vivent. <br \/>Cette vision se refl\u00e8te dans la diversit\u00e9 de ses r\u00e9alisations, allant des ensembles r\u00e9sidentiels aux immeubles de bureaux, en passant par des projets h\u00f4teliers et des \u00e9quipements publics. <br \/>Chaque projet t\u00e9moigne de la capacit\u00e9 du studio \u00e0 r\u00e9pondre \u00e0 des exigences vari\u00e9es tout en maintenant une approche coh\u00e9rente et fonctionnelle.<\/p>\t\t\t\t\t\t\t\t<\/div>\n\t\t\t\t<\/div>\n\t\t\t\t<\/div>\n\t\t\t\t\t<\/div>\n\t\t\t\t<\/div>\n\t\t<div class=\"elementor-element elementor-element-5bb81e9 e-con-full e-flex e-con e-parent\" data-id=\"5bb81e9\" data-element_type=\"container\" data-e-type=\"container\" data-settings=\"{&quot;jet_parallax_layout_list&quot;:[]}\">\n\t\t\t\t<div class=\"elementor-element elementor-element-6616840 elementor-widget elementor-widget-image-carousel\" data-id=\"6616840\" data-element_type=\"widget\" data-e-type=\"widget\" data-settings=\"{&quot;slides_to_show&quot;:&quot;3&quot;,&quot;slides_to_scroll&quot;:&quot;1&quot;,&quot;navigation&quot;:&quot;none&quot;,&quot;lazyload&quot;:&quot;yes&quot;,&quot;autoplay_speed&quot;:2000,&quot;image_spacing_custom&quot;:{&quot;unit&quot;:&quot;px&quot;,&quot;size&quot;:0,&quot;sizes&quot;:[]},&quot;autoplay&quot;:&quot;yes&quot;,&quot;pause_on_interaction&quot;:&quot;yes&quot;,&quot;infinite&quot;:&quot;yes&quot;,&quot;speed&quot;:500,&quot;image_spacing_custom_tablet&quot;:{&quot;unit&quot;:&quot;px&quot;,&quot;size&quot;:&quot;&quot;,&quot;sizes&quot;:[]},&quot;image_spacing_custom_mobile&quot;:{&quot;unit&quot;:&quot;px&quot;,&quot;size&quot;:&quot;&quot;,&quot;sizes&quot;:[]}}\" data-widget_type=\"image-carousel.default\">\n\t\t\t\t<div class=\"elementor-widget-container\">\n\t\t\t\t\t\t\t<div class=\"elementor-image-carousel-wrapper swiper\" role=\"region\" aria-roledescription=\"carousel\" aria-label=\"Image Carousel\" dir=\"ltr\">\n\t\t\t<div class=\"elementor-image-carousel swiper-wrapper swiper-image-stretch\" aria-live=\"off\">\n\t\t\t\t\t\t\t\t<div class=\"swiper-slide\" role=\"group\" aria-roledescription=\"slide\" aria-label=\"1 of 3\"><figure class=\"swiper-slide-inner\"><img class=\"swiper-slide-image swiper-lazy\" data-src=\"https:\/\/studioyn.com\/wp-content\/uploads\/2024\/12\/studio-yn-interieur-3.jpg\" alt=\"studio-yn-interieur-3\" \/><div class=\"swiper-lazy-preloader\"><\/div><\/figure><\/div><div class=\"swiper-slide\" role=\"group\" aria-roledescription=\"slide\" aria-label=\"2 of 3\"><figure class=\"swiper-slide-inner\"><img class=\"swiper-slide-image swiper-lazy\" data-src=\"https:\/\/studioyn.com\/wp-content\/uploads\/2024\/12\/studio-yn-interieur-2.jpg\" alt=\"studio-yn-interieur-2\" \/><div class=\"swiper-lazy-preloader\"><\/div><\/figure><\/div><div class=\"swiper-slide\" role=\"group\" aria-roledescription=\"slide\" aria-label=\"3 of 3\"><figure class=\"swiper-slide-inner\"><img class=\"swiper-slide-image swiper-lazy\" data-src=\"https:\/\/studioyn.com\/wp-content\/uploads\/2024\/12\/studio-yn-interieur-1.jpg\" alt=\"studio-yn-interieur-1\" \/><div class=\"swiper-lazy-preloader\"><\/div><\/figure><\/div>\t\t\t<\/div>\n\t\t\t\t\t\t\t\n\t\t\t\t\t\t\t\t\t<\/div>\n\t\t\t\t\t\t<\/div>\n\t\t\t\t<\/div>\n\t\t\t\t<\/div>\n\t\t<div class=\"elementor-element elementor-element-bb22fe7 e-flex e-con-boxed e-con e-parent\" data-id=\"bb22fe7\" data-element_type=\"container\" data-e-type=\"container\" data-settings=\"{&quot;jet_parallax_layout_list&quot;:[]}\">\n\t\t\t\t\t<div class=\"e-con-inner\">\n\t\t\t\t<div class=\"elementor-element elementor-element-e95e854 elementor-widget elementor-widget-spacer\" data-id=\"e95e854\" data-element_type=\"widget\" data-e-type=\"widget\" data-widget_type=\"spacer.default\">\n\t\t\t\t<div class=\"elementor-widget-container\">\n\t\t\t\t\t\t\t<div class=\"elementor-spacer\">\n\t\t\t<div class=\"elementor-spacer-inner\"><\/div>\n\t\t<\/div>\n\t\t\t\t\t\t<\/div>\n\t\t\t\t<\/div>\n\t\t<div class=\"elementor-element elementor-element-a2bc416 e-con-full e-flex e-con e-child\" data-id=\"a2bc416\" data-element_type=\"container\" data-e-type=\"container\" data-settings=\"{&quot;jet_parallax_layout_list&quot;:[]}\">\n\t\t\t\t<div class=\"elementor-element elementor-element-cf2d160 elementor-widget elementor-widget-text-editor\" data-id=\"cf2d160\" data-element_type=\"widget\" data-e-type=\"widget\" data-widget_type=\"text-editor.default\">\n\t\t\t\t<div class=\"elementor-widget-container\">\n\t\t\t\t\t\t\t\t\tDipl\u00f4m\u00e9e en 2003 de l\u2019ESA \u00e0 Paris, <strong>Yasmine El Kasri<\/strong> est impr\u00e9gn\u00e9e d\u2019un enseignement riche en workshop et visiting dirig\u00e9s par des grands noms de l\u2019architecture. De retour au Maroc, elle int\u00e8gre l\u2019Agence Urbaine de Casablanca afin de se r\u00e9approprier la Ville et d\u2019en assimiler le fonctionnement et les rouages, puis cr\u00e9e son agence en 2005. Yasmine est membre fondateur de l\u2019association AnA \u00abarchitectes non anonymes\u00bb, qui a pour but de promouvoir la culture architecturale.\n\n<br><br><strong>Nihad Berberovi\u0107<\/strong> est N\u00e9 \u00e0 Sarajevo et a grandi en Bosnie. Apr\u00e8s des passages par la Croatie et l\u2019Allemagne, il s\u2019installe au Maroc. Il est Dipl\u00f4m\u00e9 en 2004 de l\u2019Ecole Nationale d\u2019Architecture de Rabat. Son parcours multiculturel, atypique et non conventionnel apporte de la pertinence \u00e0 la r\u00e9flexion sur la mani\u00e8re de marquer le territoire architectural. Il exerce en tant qu\u2019architecte associ\u00e9 dans l\u2019agence Lahlou &amp; Berberovic architectes entre 2007 et 2014. En 2015, il fonde avec Yasmine EL Kasri <strong>Studio YN<\/strong>.\t\t\t\t\t\t\t\t<\/div>\n\t\t\t\t<\/div>\n\t\t\t\t<\/div>\n\t\t\t\t<div class=\"elementor-element elementor-element-b335869 elementor-widget elementor-widget-spacer\" data-id=\"b335869\" data-element_type=\"widget\" data-e-type=\"widget\" data-widget_type=\"spacer.default\">\n\t\t\t\t<div class=\"elementor-widget-container\">\n\t\t\t\t\t\t\t<div class=\"elementor-spacer\">\n\t\t\t<div class=\"elementor-spacer-inner\"><\/div>\n\t\t<\/div>\n\t\t\t\t\t\t<\/div>\n\t\t\t\t<\/div>\n\t\t\t\t<div class=\"elementor-element elementor-element-18009fc elementor-widget elementor-widget-jet-banner\" data-id=\"18009fc\" data-element_type=\"widget\" data-e-type=\"widget\" data-widget_type=\"jet-banner.default\">\n\t\t\t\t<div class=\"elementor-widget-container\">\n\t\t\t\t\t<div class=\"elementor-jet-banner jet-elements\"><figure class=\"jet-banner jet-effect-none\"><div class=\"jet-banner__overlay\"><\/div><img decoding=\"async\" src=\"https:\/\/studioyn.com\/wp-content\/uploads\/2024\/12\/bureau_archetect.jpg\" alt=\"bureau_archetect\" width=\"100%\" height=\"100%\" class=\"jet-banner__img\"><figcaption class=\"jet-banner__content\"><div class=\"jet-banner__content-wrap\"><\/div><\/figcaption><\/figure>\n<\/div>\t\t\t\t<\/div>\n\t\t\t\t<\/div>\n\t\t\t\t\t<\/div>\n\t\t\t\t<\/div>\n\t\t<div class=\"elementor-element elementor-element-d6c7f71 e-flex e-con-boxed e-con e-parent\" data-id=\"d6c7f71\" data-element_type=\"container\" data-e-type=\"container\" data-settings=\"{&quot;jet_parallax_layout_list&quot;:[]}\">\n\t\t\t\t\t<div class=\"e-con-inner\">\n\t\t\t\t<div class=\"elementor-element elementor-element-814597c elementor-widget elementor-widget-spacer\" data-id=\"814597c\" data-element_type=\"widget\" data-e-type=\"widget\" data-widget_type=\"spacer.default\">\n\t\t\t\t<div class=\"elementor-widget-container\">\n\t\t\t\t\t\t\t<div class=\"elementor-spacer\">\n\t\t\t<div class=\"elementor-spacer-inner\"><\/div>\n\t\t<\/div>\n\t\t\t\t\t\t<\/div>\n\t\t\t\t<\/div>\n\t\t<div class=\"elementor-element elementor-element-f6e47c1 e-con-full e-flex e-con e-child\" data-id=\"f6e47c1\" data-element_type=\"container\" data-e-type=\"container\" data-settings=\"{&quot;jet_parallax_layout_list&quot;:[]}\">\n\t\t\t\t<div class=\"elementor-element elementor-element-593ed35 elementor-widget elementor-widget-jet-banner\" data-id=\"593ed35\" data-element_type=\"widget\" data-e-type=\"widget\" data-widget_type=\"jet-banner.default\">\n\t\t\t\t<div class=\"elementor-widget-container\">\n\t\t\t\t\t<div class=\"elementor-jet-banner jet-elements\"><figure class=\"jet-banner jet-effect-none\"><div class=\"jet-banner__overlay\"><\/div><img decoding=\"async\" src=\"https:\/\/studioyn.com\/wp-content\/uploads\/2024\/12\/bureau_archetect2.jpg\" alt=\"bureau_archetect2\" width=\"100%\" height=\"100%\" class=\"jet-banner__img\"><figcaption class=\"jet-banner__content\"><div class=\"jet-banner__content-wrap\"><\/div><\/figcaption><\/figure>\n<\/div>\t\t\t\t<\/div>\n\t\t\t\t<\/div>\n\t\t<div class=\"elementor-element elementor-element-a0a1086 e-con-full e-flex e-con e-child\" data-id=\"a0a1086\" data-element_type=\"container\" data-e-type=\"container\" data-settings=\"{&quot;jet_parallax_layout_list&quot;:[]}\">\n\t\t\t\t<div class=\"elementor-element elementor-element-69297f0 elementor-widget elementor-widget-text-editor\" data-id=\"69297f0\" data-element_type=\"widget\" data-e-type=\"widget\" data-widget_type=\"text-editor.default\">\n\t\t\t\t<div class=\"elementor-widget-container\">\n\t\t\t\t\t\t\t\t\t<p>Alliant exp\u00e9rience, savoir faire et audace, l\u2019agence maintient une dynamique d\u2019innovation au sein de son \u00e9quipe.<\/p>\t\t\t\t\t\t\t\t<\/div>\n\t\t\t\t<\/div>\n\t\t\t\t<\/div>\n\t\t\t\t<\/div>\n\t\t\t\t\t<\/div>\n\t\t\t\t<\/div>\n\t\t<div class=\"elementor-element elementor-element-e105843 e-flex e-con-boxed e-con e-parent\" data-id=\"e105843\" data-element_type=\"container\" data-e-type=\"container\" data-settings=\"{&quot;background_background&quot;:&quot;classic&quot;,&quot;jet_parallax_layout_list&quot;:[]}\">\n\t\t\t\t\t<div class=\"e-con-inner\">\n\t\t<div class=\"elementor-element elementor-element-2a4a4cb e-con-full e-flex e-con e-child\" data-id=\"2a4a4cb\" data-element_type=\"container\" data-e-type=\"container\" data-settings=\"{&quot;jet_parallax_layout_list&quot;:[]}\">\n\t\t\t\t<div class=\"elementor-element elementor-element-ddfc1a2 elementor-widget elementor-widget-heading\" data-id=\"ddfc1a2\" data-element_type=\"widget\" data-e-type=\"widget\" data-widget_type=\"heading.default\">\n\t\t\t\t<div class=\"elementor-widget-container\">\n\t\t\t\t\t<h2 class=\"elementor-heading-title elementor-size-default\">\u00c9volution de l\u2019agence<\/h2>\t\t\t\t<\/div>\n\t\t\t\t<\/div>\n\t\t\t\t<div class=\"elementor-element elementor-element-8ff6766 elementor-widget elementor-widget-spacer\" data-id=\"8ff6766\" data-element_type=\"widget\" data-e-type=\"widget\" data-widget_type=\"spacer.default\">\n\t\t\t\t<div class=\"elementor-widget-container\">\n\t\t\t\t\t\t\t<div class=\"elementor-spacer\">\n\t\t\t<div class=\"elementor-spacer-inner\"><\/div>\n\t\t<\/div>\n\t\t\t\t\t\t<\/div>\n\t\t\t\t<\/div>\n\t\t\t\t<div class=\"elementor-element elementor-element-7adbc80 elementor-widget elementor-widget-jet-banner\" data-id=\"7adbc80\" data-element_type=\"widget\" data-e-type=\"widget\" data-widget_type=\"jet-banner.default\">\n\t\t\t\t<div class=\"elementor-widget-container\">\n\t\t\t\t\t<div class=\"elementor-jet-banner jet-elements\"><figure class=\"jet-banner jet-effect-none\"><div class=\"jet-banner__overlay\"><\/div><img decoding=\"async\" src=\"https:\/\/studioyn.com\/wp-content\/uploads\/2024\/12\/Timeline.png\" alt=\"Timeline\" width=\"100%\" height=\"100%\" class=\"jet-banner__img\"><figcaption class=\"jet-banner__content\"><div class=\"jet-banner__content-wrap\"><\/div><\/figcaption><\/figure>\n<\/div>\t\t\t\t<\/div>\n\t\t\t\t<\/div>\n\t\t\t\t<\/div>\n\t\t\t\t\t<\/div>\n\t\t\t\t<\/div>\n\t\t\t\t<\/div>\n\t\t","protected":false},"excerpt":{"rendered":"<p>Accueil L\u2019agence Studio YN, agence d&rsquo;architecture \u00e0 Casablanca, fond\u00e9e par Yasmine El Kasri et Nihad Berberovi\u0107, r\u00e9unit une \u00e9quipe pluridisciplinaire de professionnels soutenue par un r\u00e9seau de partenaires comp\u00e9tents. Sensible aux enjeux environnementaux et soci\u00e9taux du Maroc contemporain, Studio YN s\u2019engage \u00e0 accompagner l\u2019\u00e9volution du pays en alliant innovation architecturale et respect du contexte local. [&hellip;]<\/p>\n","protected":false},"author":1,"featured_media":0,"parent":0,"menu_order":0,"comment_status":"closed","ping_status":"closed","template":"","meta":{"footnotes":""},"class_list":["post-12","page","type-page","status-publish","hentry"],"_links":{"self":[{"href":"https:\/\/studioyn.com\/fr\/wp-json\/wp\/v2\/pages\/12","targetHints":{"allow":["GET"]}}],"collection":[{"href":"https:\/\/studioyn.com\/fr\/wp-json\/wp\/v2\/pages"}],"about":[{"href":"https:\/\/studioyn.com\/fr\/wp-json\/wp\/v2\/types\/page"}],"author":[{"embeddable":true,"href":"https:\/\/studioyn.com\/fr\/wp-json\/wp\/v2\/users\/1"}],"replies":[{"embeddable":true,"href":"https:\/\/studioyn.com\/fr\/wp-json\/wp\/v2\/comments?post=12"}],"version-history":[{"count":178,"href":"https:\/\/studioyn.com\/fr\/wp-json\/wp\/v2\/pages\/12\/revisions"}],"predecessor-version":[{"id":2550,"href":"https:\/\/studioyn.com\/fr\/wp-json\/wp\/v2\/pages\/12\/revisions\/2550"}],"wp:attachment":[{"href":"https:\/\/studioyn.com\/fr\/wp-json\/wp\/v2\/media?parent=12"}],"curies":[{"name":"wp","href":"https:\/\/api.w.org\/{rel}","templated":true}]}}